{"id":3,"date":"2025-06-29T13:46:46","date_gmt":"2025-06-29T13:46:46","guid":{"rendered":"https:\/\/ma-ob.de\/?page_id=3"},"modified":"2026-03-31T19:21:28","modified_gmt":"2026-03-31T19:21:28","slug":"privacy-policy","status":"publish","type":"page","link":"https:\/\/ma-ob.de\/index.php\/privacy-policy\/","title":{"rendered":"Datenschutzerkl\u00e4rung"},"content":{"rendered":"\n<h2 class=\"wp-block-heading\">Wer wir sind<\/h2>\n\n\n\n<p>Unsere Web-Adresse ist: https:\/\/ma-ob.de.<\/p>\n\n\n\n<p>Wie ich mit Ihren personenbezogenen Daten umgehe, erl\u00e4utern ich Ihnen in dieser Datenschutzerkl\u00e4rung. Ma\u00dfgabe ist das geltende Datenschutzrecht, insbesondere die Datenschutz-Grundverordnung (DSGVO). Mit Ausnahme der Dienstleister und Drittanbieter, die wir in dieser Datenschutzerkl\u00e4rung benennen, geben wir keine Daten an Dritte weiter. Wenn Sie Fragen haben, sprechen Sie mich gerne an.<\/p>\n\n\n\n<h2 class=\"wp-block-heading\"><strong>Verantwortlicher, Impressum<\/strong><\/h2>\n\n\n\n<p>Verantwortlich f\u00fcr die Datenverarbeitung ist <br>Marcel Oberwemmer<br>oberwemmer22775@hs-ansbach.de<br>+49 1522 247 19 47<br>N\u00fcrnberger Stra\u00dfe 27<br>91522 Ansbach, Deutschland<\/p>\n\n\n\n<h2 class=\"wp-block-heading\"><strong>Inhaltsverzeichnis<\/strong><\/h2>\n\n\n\n<p>Diese Website wird bei einem externen Dienstleister gehostet (Hoster). Die personenbezogenen Daten, die auf dieser Website erfasst werden, werden auf den Servern des Hosters gespeichert. Bei jedem Aufruf unserer Webseite \u00fcbertr\u00e4gt der Browser des Nutzers verschiedene Daten. F\u00fcr die Dauer des Besuchs der Webseite werden die folgenden Daten verarbeitet und in Logfiles auch \u00fcber ein Ende der Verbindung hinaus gespeichert:<\/p>\n\n\n\n<ul class=\"wp-block-list\">\n<li>Browsertyp und verwendete -version<\/li>\n\n\n\n<li>Betriebssystem<\/li>\n\n\n\n<li>Abgerufene Seiten und Dateien<\/li>\n\n\n\n<li>\u00dcbertragene Datenmenge<\/li>\n\n\n\n<li>Datum und Uhrzeit des Abrufs<\/li>\n\n\n\n<li>Provider des Nutzers<\/li>\n\n\n\n<li>IP-Adresse in anonymisierter Form<\/li>\n\n\n\n<li>Referrer URL<\/li>\n<\/ul>\n\n\n\n<p>Die Verarbeitung dieser Daten ist erforderlich, um die Webseite an den Nutzer ausliefern zu k\u00f6nnen und f\u00fcr sein Endger\u00e4t zu optimieren. Die Speicherung in Logfiles dient der Verbesserung der Sicherheit unserer Webseite (z.B. Schutz vor DDOS-Angriffen). IP-Adressen werden vor ihrer Speicherung in Logfiles anonymisiert.<\/p>\n\n\n\n<p>Rechtsgrundlage f\u00fcr die Verarbeitung ist Art.&nbsp;6 Abs.&nbsp;1 UAbs.&nbsp;1 Buchst.&nbsp;f) DSGVO. Mein berechtigtes Interesse besteht in der Bereitstellung der Webseite und der Verbesserung der Webseitensicherheit.<\/p>\n\n\n\n<p>Der Betrieb meiner Webseite erfolgt \u00fcber den Anbieter Plesk der WebPros International GmbH, Vordergasse 59, 8200 Schaffhausen, Schweiz. Die Gestaltung basiert auf dem Content Management System (CMS) Wordprint.<\/p>\n\n\n\n<h2 class=\"wp-block-heading\"><strong>Webseitenhosting<\/strong><\/h2>\n\n\n\n<p>Auf der Webseite setze ich Technologien ein, um das genutzte Endger\u00e4t wiederzuerkennen. Es kann sich dabei um Cookies, Z\u00e4hlpixel und\/oder Mobile Identifier handeln.<\/p>\n\n\n\n<p>Das Wiedererkennen eines Endger\u00e4ts kann grunds\u00e4tzlich zu unterschiedlichen Zwecken erfolgen. Es kann notwendig sein, um Funktionen unserer Webseite bereitzustellen, beispielsweise um einen Warenkorb zur Verf\u00fcgung zu stellen. Dar\u00fcber hinaus k\u00f6nnen die genannten Technologien dazu genutzt werden, um das Verhalten von Nutzern auf der Seite nachzuvollziehen, beispielsweise zu Werbezwecken. Welche Technologien ich im Einzelnen nutze und zu welchen Zwecken, beschreibe ich in dieser Datenschutzerkl\u00e4rung gesondert.<\/p>\n\n\n\n<p>F\u00fcr ein besseres Verst\u00e4ndnis erl\u00e4utere ich nachfolgend allgemein, wie Cookies, Z\u00e4hlpixel und Mobile Identifier funktionieren:<\/p>\n\n\n\n<ul class=\"wp-block-list\">\n<li>Cookies sind kleine Textdateien, die bestimmte Informationen beinhalten und auf dem Endger\u00e4t des Nutzers gespeichert werden. Zumeist handelt es sich um eine Identifikationsnummer, die einem Endger\u00e4t zugewiesen wird (Cookie ID).<\/li>\n\n\n\n<li>Bei einem Z\u00e4hlpixel handelt es sich um eine transparente Grafikdatei, die auf einer Seite eingebunden wird und eine Logdateianalyse erm\u00f6glicht.<\/li>\n\n\n\n<li>Ein Mobile Identifier ist eine einzigartige Nummer (Mobile ID), die auf einem mobilen Endger\u00e4t gespeichert ist und durch eine Webseite ausgelesen werden kann.<\/li>\n<\/ul>\n\n\n\n<p>Cookies k\u00f6nnen erforderlich sein, damit unsere Webseite ordnungsgem\u00e4\u00df funktioniert. Rechtsgrundlage f\u00fcr den Einsatz derartiger Cookies ist Art.&nbsp;6 Abs.&nbsp;1 UAbs.&nbsp;1 Buchst.&nbsp;f) DSGVO. Unser berechtigtes Interesse besteht in der Bereitstellung der Funktionen unserer Webseite.<\/p>\n\n\n\n<p>Der Nutzer kann der Verarbeitung von Daten mithilfe von Cookies durch entsprechende Einstellungen in seinem Browser verhindern und ihr widersprechen. Im Falle des Widerspruchs kann es sein, dass nicht alle Funktionen unserer Webseite zur Verf\u00fcgung stehen. Gegebenenfalls stellen wir Links bereit, mit denen ein Widerspruch erkl\u00e4rt werden kann. Diese sind mit &#8222;Opt-Out&#8220; beschriftet.<\/p>\n\n\n\n<h2 class=\"wp-block-heading\"><strong>Cookies, Z\u00e4hlpixel und Mobile Identifier<\/strong><\/h2>\n\n\n\n<p>Im Falle einer Kontaktaufnahme verarbeite ich die Angaben des Nutzers, Datum und Uhrzeit zum Zwecke der Bearbeitung der Anfrage einschlie\u00dflich eventueller R\u00fcckfragen.<\/p>\n\n\n\n<p>Rechtsgrundlage f\u00fcr die Datenverarbeitung ist Art.&nbsp;6 Abs.&nbsp;1 UAbs.&nbsp;1 Buchst.&nbsp;f) DSGVO. Unser berechtigtes Interesse besteht in der Beantwortung der Anfragen unserer Nutzer. Zus\u00e4tzliche Rechtsgrundlage ist Art.&nbsp;6 Abs.&nbsp;1 UAbs.&nbsp;1 Buchst.&nbsp;b) DSGVO, wenn die Verarbeitung f\u00fcr die Erf\u00fcllung eines Vertrags oder zur Durchf\u00fchrung vorvertraglicher Ma\u00dfnahmen erforderlich ist.<\/p>\n\n\n\n<p>Die Daten werden gel\u00f6scht, sobald die Anfrage einschlie\u00dflich etwaiger R\u00fcckfragen beantwortet ist. Ich \u00fcberpr\u00fcfe in regelm\u00e4\u00dfigen Abst\u00e4nden, mindestens aber alle zwei Jahre, ob im Zusammenhang mit Kontaktaufnahmen angefallene Daten zu l\u00f6schen sind.<\/p>\n\n\n\n<h2 class=\"wp-block-heading\"><strong>Kontaktaufnahme<\/strong><\/h2>\n\n\n\n<p><a><\/a><strong>Instagram<\/strong><\/p>\n\n\n\n<p>Inhalte und Buttons des sozialen Netzwerks Instagram binden wir \u00fcber ein Plugin auf unserer Webseite ein. Anbieter: Meta Platforms Ireland Limited, 4 Grand Canal Square, Dublin 2, Ireland.<\/p>\n\n\n\n<p>Um Inhalte von Instagram laden zu k\u00f6nnen ist es technisch notwendig, die IP-Adresse des Nutzers an das Unternehmen zu \u00fcbertragen. Wenn der Nutzer bei Instagram eingeloggt ist, kann der Besuch einer Seite dem Account zugeordnet werden.<\/p>\n\n\n\n<p>Soweit wir eine Einwilligung des Nutzers einholen, erfolgt die Verarbeitung von Daten auf der Rechtsgrundlage des Art.&nbsp;6 Abs.&nbsp;1 UAbs.&nbsp;1 Buchst.&nbsp;a) DSGVO. Im \u00dcbrigen beruht sie auf Art.&nbsp;6 Abs.&nbsp;1 UAbs.&nbsp;1 Buchst.&nbsp;f) DSGVO. Unser berechtigtes Interesse f\u00fcr die Einbindung von Instagram-Inhalten und Buttons besteht in der nutzerfreundlichen Gestaltung unserer Webseite.<\/p>\n\n\n\n<p><a href=\"https:\/\/help.instagram.com\/519522125107875\" target=\"_blank\" rel=\"noreferrer noopener\">Datenschutzerkl\u00e4rung von Instagram<\/a><\/p>\n\n\n\n<p><strong>Twitter<\/strong><br>Nachrichten und Buttons des Kurznachrichtendienstes Twitter binden wir \u00fcber ein Plugin auf unserer Webseite ein. Anbieter: Twitter International Company, One Cumberland Place, Fenian Street Dublin 2, D02 AX07, Ireland.<\/p>\n\n\n\n<p>Um Inhalte von Twitter zu laden ist es technisch notwendig, die IP-Adresse des Nutzers an das Unternehmen zu \u00fcbertragen. Wenn der Nutzer bei Twitter eingeloggt ist, kann der Besuch einer Seite dem Account zugeordnet werden.<\/p>\n\n\n\n<p>Soweit wir eine Einwilligung des Nutzers einholen, erfolgt die Verarbeitung von Daten auf der Rechtsgrundlage des Art.&nbsp;6 Abs.&nbsp;1 UAbs.&nbsp;1 Buchst.&nbsp;a) DSGVO. Im \u00dcbrigen beruht sie auf Art.&nbsp;6 Abs.&nbsp;1 UAbs.&nbsp;1 Buchst.&nbsp;f) DSGVO. Unser berechtigtes Interesse f\u00fcr die Einbindung von Twitter-Inhalten und Buttons besteht in der nutzerfreundlichen Gestaltung unserer Webseite.<\/p>\n\n\n\n<p><a href=\"https:\/\/twitter.com\/de\/privacy\" target=\"_blank\" rel=\"noreferrer noopener\">Datenschutzerkl\u00e4rung von Twitter<\/a><\/p>\n\n\n\n<p><strong>YouTube<\/strong><\/p>\n\n\n\n<p>Ich binde Videos von YouTube ein oder verlinke auf solche. Anbieter: Google Ireland Ltd., Google Building Gordon House, 4 Barrow St, Dublin, D04 E5W5, Irland. Dabei nutze ich den erweiterten Datenschutzmodus, sodass YouTube das Nutzerverhalten nicht nachvollzieht, es sei denn der Nutzer sieht sich das Video an. Um Videos bereitstellen zu k\u00f6nnen ist es technisch notwendig, die IP-Adresse des Nutzers an YouTube zu \u00fcbertragen.<\/p>\n\n\n\n<p>Der Einsatz von YouTube erfolgt auf der Rechtsgrundlage von Art.&nbsp;6 Abs.&nbsp;1 UAbs.&nbsp;1 Buchst.&nbsp;f) DSGVO. Mein berechtigtes Interesse besteht in der Verbesserung des Nutzungserlebnisses meiner Webseite und der Darstellung von Inhalten, die f\u00fcr meine Nutzer interessant sind.<\/p>\n\n\n\n<p>Sie k\u00f6nnen personalisierter Werbung durch Google jederzeit widersprechen, indem Sie das nachfolgende Opt-Out wahrnehmen: <a href=\"https:\/\/adssettings.google.com\/authenticated?hl=de\" target=\"_blank\" rel=\"noreferrer noopener\">Opt-Out<\/a><\/p>\n\n\n\n<p><a href=\"https:\/\/policies.google.com\/privacy?hl=de\" target=\"_blank\" rel=\"noreferrer noopener\">Datenschutzerkl\u00e4rung von YouTube<\/a><\/p>\n\n\n\n<p><strong>Linked<\/strong><\/p>\n\n\n\n<p>Inhalte und Buttons des sozialen Netzwerks LinkedIn binden wir \u00fcber ein Plugin auf unserer Webseite ein. Anbieter: LinkedIn Ireland Unlimited Company, Wilton Place,<br>Dublin 2, Irland.<\/p>\n\n\n\n<p>Um Inhalte von Instagram laden zu k\u00f6nnen ist es technisch notwendig, die IP-Adresse des Nutzers an das Unternehmen zu \u00fcbertragen. Wenn der Nutzer bei Instagram eingeloggt ist, kann der Besuch einer Seite dem Account zugeordnet werden.<\/p>\n\n\n\n<p>Soweit wir eine Einwilligung des Nutzers einholen, erfolgt die Verarbeitung von Daten auf der Rechtsgrundlage des Art.&nbsp;6 Abs.&nbsp;1 UAbs.&nbsp;1 Buchst.&nbsp;a) DSGVO. Im \u00dcbrigen beruht sie auf Art.&nbsp;6 Abs.&nbsp;1 UAbs.&nbsp;1 Buchst.&nbsp;f) DSGVO. Unser berechtigtes Interesse f\u00fcr die Einbindung von LinkedIn-Inhalten und Buttons besteht in der nutzerfreundlichen Gestaltung unserer Webseite.<\/p>\n\n\n\n<p><a href=\"https:\/\/de.linkedin.com\/legal\/impressum\" target=\"_blank\" rel=\"noreferrer noopener\">Datenschutzerkl\u00e4rung von LinkedIn<\/a><\/p>\n\n\n\n<p><strong>Google Fonts<\/strong><\/p>\n\n\n\n<p>Auf meiner Webseite nutze ich Google Fonts. Anbieter: Google Ireland Ltd., Google Building Gordon House, 4 Barrow St, Dublin, D04 E5W5, Irland.<\/p>\n\n\n\n<p>Schriftarten werden vom Google-Server geladen. Um eine Verbindung zum Server aufzubauen, ist es technisch notwendig, die IP-Adresse des Nutzers zu \u00fcbertragen.<\/p>\n\n\n\n<p>Rechtsgrundlage der Verarbeitung ist Art. 6 Abs. 1 UAbs. 1 Buchst. f) DSGVO. Unser berechtigtes Interesse besteht in der Verk\u00fcrzung von Ladezeiten und einer einheitlichen Darstellung auf unterschiedlichen Endger\u00e4ten.<\/p>\n\n\n\n<p><a href=\"https:\/\/policies.google.com\/privacy?hl=de\" target=\"_blank\" rel=\"noreferrer noopener\">Datenschutzerkl\u00e4rung von Google Fonts<\/a><\/p>\n\n\n\n<h2 class=\"wp-block-heading\"><strong>Drittdienste<\/strong><\/h2>\n\n\n\n<p>Ich bin in mehreren sozialen Netzwerken pr\u00e4sent. F\u00fcr diese Seiten gilt das oben genannte Impressum. Bei einer Kontaktaufnahme verarbeite ich personenbezogene Daten wie oben unter Kontaktaufnahme beschrieben.<\/p>\n\n\n\n<ul class=\"wp-block-list\">\n<li><a href=\"https:\/\/twitter.com\/MOberwemmer\">Twitter: @MOberwemmer<\/a><\/li>\n\n\n\n<li><a href=\"https:\/\/www.instagram.com\/marcel.oberwemmer\/\">Instagram: @marcel.oberwemmer<\/a><\/li>\n\n\n\n<li><a href=\"https:\/\/www.youtube.com\/@Masssel\/\">YouTube: @Masssel<\/a><\/li>\n\n\n\n<li>Youtube:<\/li>\n\n\n\n<li><a href=\"https:\/\/www.linkedin.com\/in\/marcel-oberwemmer-1b31b3358\/\">LinkedIn: Marcel Oberwemmer<\/a><\/li>\n\n\n\n<li><a href=\"https:\/\/bsky.app\/profile\/moberwemmer.bsky.social\">\u202cBlueSky: @moberwemmer.bsky.social\u202c<\/a><\/li>\n<\/ul>\n\n\n\n<p>Die Anbieter von sozialen Netzwerken verarbeiten Daten entsprechend ihrer Datenschutzbestimmungen, die hier aufgerufen werden k\u00f6nnen:<\/p>\n\n\n\n<ul class=\"wp-block-list\">\n<li><a href=\"https:\/\/twitter.com\/de\/privacy\" target=\"_blank\" rel=\"noreferrer noopener\">Twitter<\/a><\/li>\n\n\n\n<li><a href=\"https:\/\/de-de.facebook.com\/help\/instagram\/155833707900388\" target=\"_blank\" rel=\"noreferrer noopener\">Instagram<\/a><\/li>\n\n\n\n<li><a href=\"https:\/\/policies.google.com\/privacy?hl=de\" target=\"_blank\" rel=\"noreferrer noopener\">YouTube<\/a><\/li>\n\n\n\n<li><a href=\"https:\/\/privacy.linkedin.com\/de-de\" target=\"_blank\" rel=\"noreferrer noopener\">LinkedIn<\/a><\/li>\n\n\n\n<li><a href=\"https:\/\/bsky.social\/about\/support\/privacy-policy\">BlueSky<\/a><\/li>\n<\/ul>\n\n\n\n<p>Ist ein Nutzer mit seinem Account eingeloggt, k\u00f6nnen ihm die Aktivit\u00e4ten auf meinem Profil in dem jeweiligen sozialen Netzwerk gegebenenfalls zugeordnet werden. Dies kann ger\u00e4te\u00fcbergreifend und ggf. auch ohne Login erfolgen, beispielsweise unter Verwendung von Cookies oder Mobile Identifiern. Die Anbieter sozialer Netzwerke erstellen anhand der gesammelten Daten pseudonymisierte Nutzerprofile, mit denen sie insbesondere personalisierte Werbung ausspielen k\u00f6nnen.<\/p>\n\n\n\n<h2 class=\"wp-block-heading\"><strong>Profile in sozialen Netzwerken<\/strong><\/h2>\n\n\n\n<p>Werden personenbezogene Daten des Nutzers verarbeitet, ist er betroffene Person im Sinne der DSGVO. Betroffenen Personen stehen die folgenden Rechte zu:<\/p>\n\n\n\n<p><strong>Recht auf Auskunft:<\/strong> Die betroffene Person hat das Recht, eine Best\u00e4tigung dar\u00fcber zu verlangen, ob sie betreffende personenbezogene Daten verarbeitet werden. Werden personenbezogene Daten verarbeitet, so hat die betroffene Person ein Recht auf unentgeltliche Auskunft sowie auf eine Kopie der personenbezogenen Daten, die Gegenstand der Verarbeitung sind.<\/p>\n\n\n\n<p><strong>Recht auf Berichtigung:<\/strong> Die betroffene Person hat das Recht, die unverz\u00fcgliche Berichtigung unrichtiger oder Vervollst\u00e4ndigung unvollst\u00e4ndiger personenbezogener Daten zu verlangen.<\/p>\n\n\n\n<p><strong>Recht auf L\u00f6schung:<\/strong> Die betroffene Person hat das Recht, nach Ma\u00dfgabe der gesetzlichen Bestimmungen eine unverz\u00fcgliche L\u00f6schung sie betreffender personenbezogener Daten zu verlangen.<\/p>\n\n\n\n<p><strong>Recht auf Einschr\u00e4nkung der Verarbeitung:<\/strong> Die betroffene Person hat das Recht, nach Ma\u00dfgabe der gesetzlichen Bestimmungen eine Einschr\u00e4nkung der Verarbeitung sie betreffender personenbezogener Daten zu verlangen.<\/p>\n\n\n\n<p><strong>Recht auf Daten\u00fcbertragbarkeit:<\/strong> Die betroffene Person hat das Recht, die sie betreffenden personenbezogenen Daten in einem strukturierten, g\u00e4ngigen und maschinenlesbaren Format zu erhalten oder eine \u00dcbermittlung an einen anderen Verantwortlichen zu verlangen.<\/p>\n\n\n\n<p><strong>Recht auf Widerspruch:<\/strong> Die betroffene Person hat das Recht, aus Gr\u00fcnden, die sich aus ihrer besonderen Situation ergeben, jederzeit gegen die Verarbeitung sie betreffender personenbezogener Daten, die aufgrund von Art.&nbsp;6 Abs.&nbsp;1 UAbs.&nbsp;1 Buchst.&nbsp;e) oder f) DSGVO erfolgt, Widerspruch einzulegen; dies gilt auch f\u00fcr ein auf diese Bestimmungen gest\u00fctztes Profiling. Werden personenbezogene Daten verarbeitet, um Direktwerbung zu betreiben, so hat die betroffene Person das Recht, jederzeit Widerspruch gegen die Verarbeitung sie betreffender personenbezogener Daten zum Zwecke derartiger Werbung einzulegen; dies gilt auch f\u00fcr das Profiling, soweit es mit solcher Direktwerbung in Verbindung steht.<\/p>\n\n\n\n<p><strong>Recht auf Widerruf:<\/strong> Die betroffene Person hat das Recht, ihre erteilte Einwilligung jederzeit zu widerrufen.<\/p>\n\n\n\n<p><strong>Recht auf Beschwerde:<\/strong> Die betroffene Person hat das Recht, sich bei einer Aufsichtsbeh\u00f6rde zu beschweren.<\/p>\n\n\n\n<h2 class=\"wp-block-heading\"><strong>Rechte betroffener Personen<\/strong><\/h2>\n\n\n\n<p><strong>Bereitstellung von Daten<\/strong><\/p>\n\n\n\n<p>F\u00fcr eine Nutzung unserer Webseite ist in der Regel weder gesetzlich noch vertraglich vorgeschrieben, personenbezogene Daten zur Verf\u00fcgung stellen. Soweit eine Bereitstellung von Daten f\u00fcr einen Vertragsabschluss erforderlich ist oder der Nutzer dazu verpflichtet ist, personenbezogene Daten bereitzustellen, teilen wir diesen Umstand und welche Folgen die Nichtbereitstellung h\u00e4tte in dieser Datenschutzerkl\u00e4rung mit.<\/p>\n\n\n\n<p><strong>Daten\u00fcbermittlung an Drittl\u00e4nder<\/strong><\/p>\n\n\n\n<p>Es ist m\u00f6glich, dass wir Dienstleister und Drittanbieter einsetzen, die in L\u00e4ndern au\u00dferhalb der Europ\u00e4ischen Union und des Europ\u00e4ischen Wirtschaftsraums ans\u00e4ssig sind. Die \u00dcbermittlung personenbezogener Daten in solche Drittl\u00e4nder erfolgt, sofern nicht eine Einwilligung des Nutzers in die Daten\u00fcbermittlung vorliegt, auf der Grundlage eines Angemessenheitsbeschlusses der Europ\u00e4ischen Kommission (Art. 45 DSGVO) oder wir haben geeignete Garantien vorgesehen, um den Datenschutz sicherzustellen (Art. 46 DSGVO). Soweit ein Angemessenheitsbeschluss der Europ\u00e4ischen Kommission f\u00fcr die Daten\u00fcbermittlung in ein Drittland vorhanden ist, weisen wir in dieser Datenschutzerkl\u00e4rung darauf hin. Im \u00dcbrigen gilt, dass Nutzer eine Kopie der geeigneten Garantien, soweit diese nicht bereits in den Datenschutzerkl\u00e4rungen der Dienstleister oder Drittanbieter enthalten ist, \u00fcber uns beziehen k\u00f6nnen.<\/p>\n\n\n\n<p><strong>Automatisierte Entscheidungsfindung<\/strong><\/p>\n\n\n\n<p>Sollten wir eine automatisierte Entscheidungsfindung einschlie\u00dflich Profiling vornehmen, informieren wir in dieser Datenschutzerkl\u00e4rung \u00fcber diesen Umstand, \u00fcber die involvierte Logik sowie die Tragweite und die angestrebten Auswirkungen einer derartigen Verarbeitung. Im \u00dcbrigen findet eine automatisierte Entscheidungsfindung nicht statt.<\/p>\n\n\n\n<p><strong>Verarbeitung zu anderen Zwecken<\/strong><\/p>\n\n\n\n<p>Daten werden grunds\u00e4tzlich nur zu den Zwecken verarbeitet, f\u00fcr die sie erhoben wurden. Sollen sie ausnahmsweise zu anderen Zwecken weiterverarbeitet werden, informieren wir vor dieser Weiterverarbeitung \u00fcber diese anderen Zwecke und stellen alle anderen ma\u00dfgeblichen Informationen zur Verf\u00fcgung (Art. 13 Abs. 3 DSGVO).<\/p>\n\n\n\n<p><em><strong>Stand von Impressum und Datenschutzerkl\u00e4rung:<\/strong> <\/em><br><em>Juli 2025<\/em><\/p>\n\n\n\n<p><\/p>\n","protected":false},"excerpt":{"rendered":"<p>Wer wir sind Unsere Web-Adresse ist: https:\/\/ma-ob.de. Wie ich mit Ihren personenbezogenen Daten umgehe, erl\u00e4utern ich Ihnen in dieser Datenschutzerkl\u00e4rung. Ma\u00dfgabe ist das geltende Datenschutzrecht, insbesondere die Datenschutz-Grundverordnung (DSGVO). Mit Ausnahme der Dienstleister und Drittanbieter, die wir in dieser Datenschutzerkl\u00e4rung benennen, geben wir keine Daten an Dritte weiter. Wenn Sie Fragen haben, sprechen Sie mich [&hellip;]<\/p>\n","protected":false},"author":1,"featured_media":0,"parent":0,"menu_order":0,"comment_status":"closed","ping_status":"open","template":"","meta":{"footnotes":""},"class_list":["post-3","page","type-page","status-publish","hentry"],"yoast_head":"<!-- This site is optimized with the Yoast SEO plugin v26.3 - https:\/\/yoast.com\/wordpress\/plugins\/seo\/ -->\n<title>Datenschutzerkl\u00e4rung - Marcel Oberwemmer<\/title>\n<meta name=\"robots\" content=\"noindex, follow, max-snippet:-1, max-image-preview:large, max-video-preview:-1\" \/>\n<meta property=\"og:locale\" content=\"de_DE\" \/>\n<meta property=\"og:type\" content=\"article\" \/>\n<meta property=\"og:title\" content=\"Datenschutzerkl\u00e4rung - Marcel Oberwemmer\" \/>\n<meta property=\"og:description\" content=\"Wer wir sind Unsere Web-Adresse ist: https:\/\/ma-ob.de. Wie ich mit Ihren personenbezogenen Daten umgehe, erl\u00e4utern ich Ihnen in dieser Datenschutzerkl\u00e4rung. Ma\u00dfgabe ist das geltende Datenschutzrecht, insbesondere die Datenschutz-Grundverordnung (DSGVO). Mit Ausnahme der Dienstleister und Drittanbieter, die wir in dieser Datenschutzerkl\u00e4rung benennen, geben wir keine Daten an Dritte weiter. Wenn Sie Fragen haben, sprechen Sie mich [&hellip;]\" \/>\n<meta property=\"og:url\" content=\"https:\/\/ma-ob.de\/index.php\/privacy-policy\/\" \/>\n<meta property=\"og:site_name\" content=\"Marcel Oberwemmer\" \/>\n<meta property=\"article:modified_time\" content=\"2026-03-31T19:21:28+00:00\" \/>\n<meta name=\"twitter:card\" content=\"summary_large_image\" \/>\n<meta name=\"twitter:label1\" content=\"Gesch\u00e4tzte Lesezeit\" \/>\n\t<meta name=\"twitter:data1\" content=\"10\u00a0Minuten\" \/>\n<script type=\"application\/ld+json\" class=\"yoast-schema-graph\">{\"@context\":\"https:\/\/schema.org\",\"@graph\":[{\"@type\":\"WebPage\",\"@id\":\"https:\/\/ma-ob.de\/index.php\/privacy-policy\/\",\"url\":\"https:\/\/ma-ob.de\/index.php\/privacy-policy\/\",\"name\":\"Datenschutzerkl\u00e4rung - Marcel Oberwemmer\",\"isPartOf\":{\"@id\":\"https:\/\/ma-ob.de\/#website\"},\"datePublished\":\"2025-06-29T13:46:46+00:00\",\"dateModified\":\"2026-03-31T19:21:28+00:00\",\"breadcrumb\":{\"@id\":\"https:\/\/ma-ob.de\/index.php\/privacy-policy\/#breadcrumb\"},\"inLanguage\":\"de\",\"potentialAction\":[{\"@type\":\"ReadAction\",\"target\":[\"https:\/\/ma-ob.de\/index.php\/privacy-policy\/\"]}]},{\"@type\":\"BreadcrumbList\",\"@id\":\"https:\/\/ma-ob.de\/index.php\/privacy-policy\/#breadcrumb\",\"itemListElement\":[{\"@type\":\"ListItem\",\"position\":1,\"name\":\"Startseite\",\"item\":\"https:\/\/ma-ob.de\/\"},{\"@type\":\"ListItem\",\"position\":2,\"name\":\"Datenschutzerkl\u00e4rung\"}]},{\"@type\":\"WebSite\",\"@id\":\"https:\/\/ma-ob.de\/#website\",\"url\":\"https:\/\/ma-ob.de\/\",\"name\":\"Marcel Oberwemmer\",\"description\":\"\",\"potentialAction\":[{\"@type\":\"SearchAction\",\"target\":{\"@type\":\"EntryPoint\",\"urlTemplate\":\"https:\/\/ma-ob.de\/?s={search_term_string}\"},\"query-input\":{\"@type\":\"PropertyValueSpecification\",\"valueRequired\":true,\"valueName\":\"search_term_string\"}}],\"inLanguage\":\"de\"}]}<\/script>\n<!-- \/ Yoast SEO plugin. -->","yoast_head_json":{"title":"Datenschutzerkl\u00e4rung - Marcel Oberwemmer","robots":{"index":"noindex","follow":"follow","max-snippet":"max-snippet:-1","max-image-preview":"max-image-preview:large","max-video-preview":"max-video-preview:-1"},"og_locale":"de_DE","og_type":"article","og_title":"Datenschutzerkl\u00e4rung - Marcel Oberwemmer","og_description":"Wer wir sind Unsere Web-Adresse ist: https:\/\/ma-ob.de. Wie ich mit Ihren personenbezogenen Daten umgehe, erl\u00e4utern ich Ihnen in dieser Datenschutzerkl\u00e4rung. Ma\u00dfgabe ist das geltende Datenschutzrecht, insbesondere die Datenschutz-Grundverordnung (DSGVO). Mit Ausnahme der Dienstleister und Drittanbieter, die wir in dieser Datenschutzerkl\u00e4rung benennen, geben wir keine Daten an Dritte weiter. Wenn Sie Fragen haben, sprechen Sie mich [&hellip;]","og_url":"https:\/\/ma-ob.de\/index.php\/privacy-policy\/","og_site_name":"Marcel Oberwemmer","article_modified_time":"2026-03-31T19:21:28+00:00","twitter_card":"summary_large_image","twitter_misc":{"Gesch\u00e4tzte Lesezeit":"10\u00a0Minuten"},"schema":{"@context":"https:\/\/schema.org","@graph":[{"@type":"WebPage","@id":"https:\/\/ma-ob.de\/index.php\/privacy-policy\/","url":"https:\/\/ma-ob.de\/index.php\/privacy-policy\/","name":"Datenschutzerkl\u00e4rung - Marcel Oberwemmer","isPartOf":{"@id":"https:\/\/ma-ob.de\/#website"},"datePublished":"2025-06-29T13:46:46+00:00","dateModified":"2026-03-31T19:21:28+00:00","breadcrumb":{"@id":"https:\/\/ma-ob.de\/index.php\/privacy-policy\/#breadcrumb"},"inLanguage":"de","potentialAction":[{"@type":"ReadAction","target":["https:\/\/ma-ob.de\/index.php\/privacy-policy\/"]}]},{"@type":"BreadcrumbList","@id":"https:\/\/ma-ob.de\/index.php\/privacy-policy\/#breadcrumb","itemListElement":[{"@type":"ListItem","position":1,"name":"Startseite","item":"https:\/\/ma-ob.de\/"},{"@type":"ListItem","position":2,"name":"Datenschutzerkl\u00e4rung"}]},{"@type":"WebSite","@id":"https:\/\/ma-ob.de\/#website","url":"https:\/\/ma-ob.de\/","name":"Marcel Oberwemmer","description":"","potentialAction":[{"@type":"SearchAction","target":{"@type":"EntryPoint","urlTemplate":"https:\/\/ma-ob.de\/?s={search_term_string}"},"query-input":{"@type":"PropertyValueSpecification","valueRequired":true,"valueName":"search_term_string"}}],"inLanguage":"de"}]}},"_links":{"self":[{"href":"https:\/\/ma-ob.de\/index.php\/wp-json\/wp\/v2\/pages\/3","targetHints":{"allow":["GET"]}}],"collection":[{"href":"https:\/\/ma-ob.de\/index.php\/wp-json\/wp\/v2\/pages"}],"about":[{"href":"https:\/\/ma-ob.de\/index.php\/wp-json\/wp\/v2\/types\/page"}],"author":[{"embeddable":true,"href":"https:\/\/ma-ob.de\/index.php\/wp-json\/wp\/v2\/users\/1"}],"replies":[{"embeddable":true,"href":"https:\/\/ma-ob.de\/index.php\/wp-json\/wp\/v2\/comments?post=3"}],"version-history":[{"count":3,"href":"https:\/\/ma-ob.de\/index.php\/wp-json\/wp\/v2\/pages\/3\/revisions"}],"predecessor-version":[{"id":305,"href":"https:\/\/ma-ob.de\/index.php\/wp-json\/wp\/v2\/pages\/3\/revisions\/305"}],"wp:attachment":[{"href":"https:\/\/ma-ob.de\/index.php\/wp-json\/wp\/v2\/media?parent=3"}],"curies":[{"name":"wp","href":"https:\/\/api.w.org\/{rel}","templated":true}]}}